{"id":1564,"date":"2026-02-19T15:29:11","date_gmt":"2026-02-19T13:29:11","guid":{"rendered":"https:\/\/acvilin.md\/?page_id=1564"},"modified":"2026-02-19T15:33:43","modified_gmt":"2026-02-19T13:33:43","slug":"acasa-cloned-7","status":"publish","type":"page","link":"https:\/\/acvilin.md\/ru\/acasa-cloned-7\/","title":{"rendered":"Acas\u0103 &#8212; [Cloned #7]"},"content":{"rendered":"\t\t<div data-elementor-type=\"wp-page\" data-elementor-id=\"1564\" class=\"elementor elementor-1564\" data-elementor-settings=\"{&quot;ha_cmc_init_switcher&quot;:&quot;no&quot;}\">\n\t\t\t\t\t\t<section class=\"elementor-section elementor-top-section elementor-element elementor-element-403d6c9d elementor-section-boxed elementor-section-height-default elementor-section-height-default\" data-id=\"403d6c9d\" data-element_type=\"section\" data-settings=\"{&quot;_ha_eqh_enable&quot;:false}\">\n\t\t\t\t\t\t<div class=\"elementor-container elementor-column-gap-default\">\n\t\t\t\t\t<div class=\"elementor-column elementor-col-100 elementor-top-column elementor-element elementor-element-30e10944\" data-id=\"30e10944\" data-element_type=\"column\">\n\t\t\t<div class=\"elementor-widget-wrap elementor-element-populated\">\n\t\t\t\t\t\t<div class=\"elementor-element elementor-element-c25bc3d elementor-widget elementor-widget-text-editor\" data-id=\"c25bc3d\" data-element_type=\"widget\" data-widget_type=\"text-editor.default\">\n\t\t\t\t<div class=\"elementor-widget-container\">\n\t\t\t\t\t\t\t\t\t<p><span style=\"font-weight: 400;\">Acvilin-Grup Holding este o punte solid\u0103 \u00eentre afaceri \u0219i consumator.<\/span><\/p>\t\t\t\t\t\t\t\t<\/div>\n\t\t\t\t<\/div>\n\t\t\t\t\t<\/div>\n\t\t<\/div>\n\t\t\t\t\t<\/div>\n\t\t<\/section>\n\t\t\t\t<section class=\"elementor-section elementor-top-section elementor-element elementor-element-f43f875 elementor-section-boxed elementor-section-height-default elementor-section-height-default\" data-id=\"f43f875\" data-element_type=\"section\" data-settings=\"{&quot;_ha_eqh_enable&quot;:false}\">\n\t\t\t\t\t\t<div class=\"elementor-container elementor-column-gap-default\">\n\t\t\t\t\t<div class=\"elementor-column elementor-col-100 elementor-top-column elementor-element elementor-element-c111a7e\" data-id=\"c111a7e\" data-element_type=\"column\">\n\t\t\t<div class=\"elementor-widget-wrap elementor-element-populated\">\n\t\t\t\t\t\t<div class=\"elementor-element elementor-element-c3346dc elementor-widget elementor-widget-text-editor\" data-id=\"c3346dc\" data-element_type=\"widget\" data-widget_type=\"text-editor.default\">\n\t\t\t\t<div class=\"elementor-widget-container\">\n\t\t\t\t\t\t\t\t\t<p>\u041f\u0440\u043e\u0441\u043d\u0443\u0432\u0448\u0438\u0441\u044c \u043e\u0434\u043d\u0430\u0436\u0434\u044b \u0443\u0442\u0440\u043e\u043c \u043f\u043e\u0441\u043b\u0435 \u0431\u0435\u0441\u043f\u043e\u043a\u043e\u0439\u043d\u043e\u0433\u043e \u0441\u043d\u0430, \u0413\u0440\u0435\u0433\u043e\u0440 \u0417\u0430\u043c\u0437\u0430 \u043e\u0431\u043d\u0430\u0440\u0443\u0436\u0438\u043b, \u0447\u0442\u043e \u043e\u043d \u0443 \u0441\u0435\u0431\u044f \u0432 \u043f\u043e\u0441\u0442\u0435\u043b\u0438 \u043f\u0440\u0435\u0432\u0440\u0430\u0442\u0438\u043b\u0441\u044f \u0432 \u0441\u0442\u0440\u0430\u0448\u043d\u043e\u0435 \u043d\u0430\u0441\u0435\u043a\u043e\u043c\u043e\u0435.<\/p>\t\t\t\t\t\t\t\t<\/div>\n\t\t\t\t<\/div>\n\t\t\t\t\t<\/div>\n\t\t<\/div>\n\t\t\t\t\t<\/div>\n\t\t<\/section>\n\t\t\t\t<\/div>\n\t\t","protected":false},"excerpt":{"rendered":"<p>Acvilin-Grup Holding este o punte solid\u0103 \u00eentre afaceri \u0219i consumator. Lorem ipsum dolor sit amet, consectetur adipiscing elit. Ut elit tellus, luctus nec ullamcorper mattis, pulvinar dapibus leo.<\/p>\n","protected":false},"author":1,"featured_media":1323,"parent":0,"menu_order":0,"comment_status":"closed","ping_status":"closed","template":"page-templates\/front-tpl.php","meta":{"inline_featured_image":false,"footnotes":""},"yoast_head":"<!-- This site is optimized with the Yoast SEO plugin v24.5 - https:\/\/yoast.com\/wordpress\/plugins\/seo\/ -->\n<title>Acas\u0103 - [Cloned #7] - Acvilin-Grup<\/title>\n<meta name=\"robots\" content=\"index, follow, max-snippet:-1, max-image-preview:large, max-video-preview:-1\" \/>\n<link rel=\"canonical\" href=\"https:\/\/acvilin.md\/ru\/acasa-cloned-7\/\" \/>\n<meta property=\"og:locale\" content=\"ru_RU\" \/>\n<meta property=\"og:type\" content=\"article\" \/>\n<meta property=\"og:title\" content=\"Acas\u0103 - [Cloned #7] - Acvilin-Grup\" \/>\n<meta property=\"og:description\" content=\"Acvilin-Grup Holding este o punte solid\u0103 \u00eentre afaceri \u0219i consumator. Lorem ipsum dolor sit amet, consectetur adipiscing elit. Ut elit tellus, luctus nec ullamcorper mattis, pulvinar dapibus leo.\" \/>\n<meta property=\"og:url\" content=\"https:\/\/acvilin.md\/ru\/acasa-cloned-7\/\" \/>\n<meta property=\"og:site_name\" content=\"Acvilin-Grup\" \/>\n<meta property=\"article:modified_time\" content=\"2026-02-19T13:33:43+00:00\" \/>\n<meta property=\"og:image\" content=\"https:\/\/acvilin.md\/wp-content\/uploads\/2022\/08\/acvlilin-transparent-logo.png\" \/>\n\t<meta property=\"og:image:width\" content=\"200\" \/>\n\t<meta property=\"og:image:height\" content=\"200\" \/>\n\t<meta property=\"og:image:type\" content=\"image\/png\" \/>\n<meta name=\"twitter:card\" content=\"summary_large_image\" \/>\n<meta name=\"twitter:label1\" content=\"\u041f\u0440\u0438\u043c\u0435\u0440\u043d\u043e\u0435 \u0432\u0440\u0435\u043c\u044f \u0434\u043b\u044f \u0447\u0442\u0435\u043d\u0438\u044f\" \/>\n\t<meta name=\"twitter:data1\" content=\"1 \u043c\u0438\u043d\u0443\u0442\u0430\" \/>\n<script type=\"application\/ld+json\" class=\"yoast-schema-graph\">{\"@context\":\"https:\/\/schema.org\",\"@graph\":[{\"@type\":\"WebPage\",\"@id\":\"https:\/\/acvilin.md\/ru\/acasa-cloned-7\/\",\"url\":\"https:\/\/acvilin.md\/ru\/acasa-cloned-7\/\",\"name\":\"Acas\u0103 - [Cloned #7] - Acvilin-Grup\",\"isPartOf\":{\"@id\":\"https:\/\/acvilin.md\/#website\"},\"primaryImageOfPage\":{\"@id\":\"https:\/\/acvilin.md\/ru\/acasa-cloned-7\/#primaryimage\"},\"image\":{\"@id\":\"https:\/\/acvilin.md\/ru\/acasa-cloned-7\/#primaryimage\"},\"thumbnailUrl\":\"https:\/\/acvilin.md\/wp-content\/uploads\/2022\/08\/acvlilin-transparent-logo.png\",\"datePublished\":\"2026-02-19T13:29:11+00:00\",\"dateModified\":\"2026-02-19T13:33:43+00:00\",\"breadcrumb\":{\"@id\":\"https:\/\/acvilin.md\/ru\/acasa-cloned-7\/#breadcrumb\"},\"inLanguage\":\"ru-RU\",\"potentialAction\":[{\"@type\":\"ReadAction\",\"target\":[\"https:\/\/acvilin.md\/ru\/acasa-cloned-7\/\"]}]},{\"@type\":\"ImageObject\",\"inLanguage\":\"ru-RU\",\"@id\":\"https:\/\/acvilin.md\/ru\/acasa-cloned-7\/#primaryimage\",\"url\":\"https:\/\/acvilin.md\/wp-content\/uploads\/2022\/08\/acvlilin-transparent-logo.png\",\"contentUrl\":\"https:\/\/acvilin.md\/wp-content\/uploads\/2022\/08\/acvlilin-transparent-logo.png\",\"width\":200,\"height\":200},{\"@type\":\"BreadcrumbList\",\"@id\":\"https:\/\/acvilin.md\/ru\/acasa-cloned-7\/#breadcrumb\",\"itemListElement\":[{\"@type\":\"ListItem\",\"position\":1,\"name\":\"Home\",\"item\":\"https:\/\/acvilin.md\/ru\/\"},{\"@type\":\"ListItem\",\"position\":2,\"name\":\"Acas\u0103 &#8211; [Cloned #7]\"}]},{\"@type\":\"WebSite\",\"@id\":\"https:\/\/acvilin.md\/#website\",\"url\":\"https:\/\/acvilin.md\/\",\"name\":\"Acvilin-Grup\",\"description\":\"\",\"publisher\":{\"@id\":\"https:\/\/acvilin.md\/#organization\"},\"potentialAction\":[{\"@type\":\"SearchAction\",\"target\":{\"@type\":\"EntryPoint\",\"urlTemplate\":\"https:\/\/acvilin.md\/?s={search_term_string}\"},\"query-input\":{\"@type\":\"PropertyValueSpecification\",\"valueRequired\":true,\"valueName\":\"search_term_string\"}}],\"inLanguage\":\"ru-RU\"},{\"@type\":\"Organization\",\"@id\":\"https:\/\/acvilin.md\/#organization\",\"name\":\"Acvilin Group\",\"url\":\"https:\/\/acvilin.md\/\",\"logo\":{\"@type\":\"ImageObject\",\"inLanguage\":\"ru-RU\",\"@id\":\"https:\/\/acvilin.md\/#\/schema\/logo\/image\/\",\"url\":\"https:\/\/acvilin.md\/wp-content\/uploads\/2020\/10\/site-logo.svg\",\"contentUrl\":\"https:\/\/acvilin.md\/wp-content\/uploads\/2020\/10\/site-logo.svg\",\"width\":90,\"height\":69,\"caption\":\"Acvilin Group\"},\"image\":{\"@id\":\"https:\/\/acvilin.md\/#\/schema\/logo\/image\/\"}}]}<\/script>\n<!-- \/ Yoast SEO plugin. -->","yoast_head_json":{"title":"Acas\u0103 - [Cloned #7] - Acvilin-Grup","robots":{"index":"index","follow":"follow","max-snippet":"max-snippet:-1","max-image-preview":"max-image-preview:large","max-video-preview":"max-video-preview:-1"},"canonical":"https:\/\/acvilin.md\/ru\/acasa-cloned-7\/","og_locale":"ru_RU","og_type":"article","og_title":"Acas\u0103 - [Cloned #7] - Acvilin-Grup","og_description":"Acvilin-Grup Holding este o punte solid\u0103 \u00eentre afaceri \u0219i consumator. Lorem ipsum dolor sit amet, consectetur adipiscing elit. Ut elit tellus, luctus nec ullamcorper mattis, pulvinar dapibus leo.","og_url":"https:\/\/acvilin.md\/ru\/acasa-cloned-7\/","og_site_name":"Acvilin-Grup","article_modified_time":"2026-02-19T13:33:43+00:00","og_image":[{"width":200,"height":200,"url":"https:\/\/acvilin.md\/wp-content\/uploads\/2022\/08\/acvlilin-transparent-logo.png","type":"image\/png"}],"twitter_card":"summary_large_image","twitter_misc":{"\u041f\u0440\u0438\u043c\u0435\u0440\u043d\u043e\u0435 \u0432\u0440\u0435\u043c\u044f \u0434\u043b\u044f \u0447\u0442\u0435\u043d\u0438\u044f":"1 \u043c\u0438\u043d\u0443\u0442\u0430"},"schema":{"@context":"https:\/\/schema.org","@graph":[{"@type":"WebPage","@id":"https:\/\/acvilin.md\/ru\/acasa-cloned-7\/","url":"https:\/\/acvilin.md\/ru\/acasa-cloned-7\/","name":"Acas\u0103 - [Cloned #7] - Acvilin-Grup","isPartOf":{"@id":"https:\/\/acvilin.md\/#website"},"primaryImageOfPage":{"@id":"https:\/\/acvilin.md\/ru\/acasa-cloned-7\/#primaryimage"},"image":{"@id":"https:\/\/acvilin.md\/ru\/acasa-cloned-7\/#primaryimage"},"thumbnailUrl":"https:\/\/acvilin.md\/wp-content\/uploads\/2022\/08\/acvlilin-transparent-logo.png","datePublished":"2026-02-19T13:29:11+00:00","dateModified":"2026-02-19T13:33:43+00:00","breadcrumb":{"@id":"https:\/\/acvilin.md\/ru\/acasa-cloned-7\/#breadcrumb"},"inLanguage":"ru-RU","potentialAction":[{"@type":"ReadAction","target":["https:\/\/acvilin.md\/ru\/acasa-cloned-7\/"]}]},{"@type":"ImageObject","inLanguage":"ru-RU","@id":"https:\/\/acvilin.md\/ru\/acasa-cloned-7\/#primaryimage","url":"https:\/\/acvilin.md\/wp-content\/uploads\/2022\/08\/acvlilin-transparent-logo.png","contentUrl":"https:\/\/acvilin.md\/wp-content\/uploads\/2022\/08\/acvlilin-transparent-logo.png","width":200,"height":200},{"@type":"BreadcrumbList","@id":"https:\/\/acvilin.md\/ru\/acasa-cloned-7\/#breadcrumb","itemListElement":[{"@type":"ListItem","position":1,"name":"Home","item":"https:\/\/acvilin.md\/ru\/"},{"@type":"ListItem","position":2,"name":"Acas\u0103 &#8211; [Cloned #7]"}]},{"@type":"WebSite","@id":"https:\/\/acvilin.md\/#website","url":"https:\/\/acvilin.md\/","name":"Acvilin-Grup","description":"","publisher":{"@id":"https:\/\/acvilin.md\/#organization"},"potentialAction":[{"@type":"SearchAction","target":{"@type":"EntryPoint","urlTemplate":"https:\/\/acvilin.md\/?s={search_term_string}"},"query-input":{"@type":"PropertyValueSpecification","valueRequired":true,"valueName":"search_term_string"}}],"inLanguage":"ru-RU"},{"@type":"Organization","@id":"https:\/\/acvilin.md\/#organization","name":"Acvilin Group","url":"https:\/\/acvilin.md\/","logo":{"@type":"ImageObject","inLanguage":"ru-RU","@id":"https:\/\/acvilin.md\/#\/schema\/logo\/image\/","url":"https:\/\/acvilin.md\/wp-content\/uploads\/2020\/10\/site-logo.svg","contentUrl":"https:\/\/acvilin.md\/wp-content\/uploads\/2020\/10\/site-logo.svg","width":90,"height":69,"caption":"Acvilin Group"},"image":{"@id":"https:\/\/acvilin.md\/#\/schema\/logo\/image\/"}}]}},"_links":{"self":[{"href":"https:\/\/acvilin.md\/ru\/wp-json\/wp\/v2\/pages\/1564"}],"collection":[{"href":"https:\/\/acvilin.md\/ru\/wp-json\/wp\/v2\/pages"}],"about":[{"href":"https:\/\/acvilin.md\/ru\/wp-json\/wp\/v2\/types\/page"}],"author":[{"embeddable":true,"href":"https:\/\/acvilin.md\/ru\/wp-json\/wp\/v2\/users\/1"}],"replies":[{"embeddable":true,"href":"https:\/\/acvilin.md\/ru\/wp-json\/wp\/v2\/comments?post=1564"}],"version-history":[{"count":8,"href":"https:\/\/acvilin.md\/ru\/wp-json\/wp\/v2\/pages\/1564\/revisions"}],"predecessor-version":[{"id":1588,"href":"https:\/\/acvilin.md\/ru\/wp-json\/wp\/v2\/pages\/1564\/revisions\/1588"}],"wp:featuredmedia":[{"embeddable":true,"href":"https:\/\/acvilin.md\/ru\/wp-json\/wp\/v2\/media\/1323"}],"wp:attachment":[{"href":"https:\/\/acvilin.md\/ru\/wp-json\/wp\/v2\/media?parent=1564"}],"curies":[{"name":"wp","href":"https:\/\/api.w.org\/{rel}","templated":true}]}}